{"id":9036,"date":"2024-10-29T20:07:49","date_gmt":"2024-10-29T20:07:49","guid":{"rendered":"https:\/\/lovelybride.nikolavuckovic.rs\/?post_type=product&#038;p=9036"},"modified":"2026-04-05T00:32:40","modified_gmt":"2026-04-04T22:32:40","slug":"gilda","status":"publish","type":"product","link":"https:\/\/lovelybridebeograd.com\/en\/product\/gilda\/","title":{"rendered":"Gilda"},"content":{"rendered":"<p>Gilda je o\u010daravaju\u0107a ven\u010danica A kroja predstavlja savr\u0161en spoj sofisticiranosti i romanti\u010dne elegancije.<br \/>\nGornji deo haljine krasi rasko\u0161na \u010dipka koja ne\u017eno obavija telo, dodaju\u0107i delikatne detalje koji privla\u010de<br \/>\npa\u017enju. Ovaj stil isti\u010de linije ramena i dekoltea, dok \u010dipkasti rukavi, koji se mogu skinuti, omogu\u0107avaju<br \/>\nfleksibilnost i prilagodljivost tokom dana. Kada su rukavi uklonjeni, haljina prelazi u jednostavniju, ali<br \/>\njednako elegantnu verziju, idealnu za ples i opu\u0161tanje. Sa ovakvom ven\u010danicom, svaka mlada \u0107e zra\u010diti<br \/>\nstilom i samopouzdanjem, stvaraju\u0107i nezaboravne uspomene na svoj poseban dan.<\/p>","protected":false},"excerpt":{"rendered":"<p>Peaceful Grace<\/p>","protected":false},"featured_media":9014,"template":"","meta":{"_acf_changed":false},"product_brand":[],"product_cat":[44],"product_tag":[],"class_list":{"0":"post-9036","1":"product","2":"type-product","3":"status-publish","4":"has-post-thumbnail","6":"product_cat-a-kroj","8":"first","9":"instock","10":"shipping-taxable","11":"product-type-simple"},"acf":[],"_links":{"self":[{"href":"https:\/\/lovelybridebeograd.com\/en\/wp-json\/wp\/v2\/product\/9036","targetHints":{"allow":["GET"]}}],"collection":[{"href":"https:\/\/lovelybridebeograd.com\/en\/wp-json\/wp\/v2\/product"}],"about":[{"href":"https:\/\/lovelybridebeograd.com\/en\/wp-json\/wp\/v2\/types\/product"}],"wp:featuredmedia":[{"embeddable":true,"href":"https:\/\/lovelybridebeograd.com\/en\/wp-json\/wp\/v2\/media\/9014"}],"wp:attachment":[{"href":"https:\/\/lovelybridebeograd.com\/en\/wp-json\/wp\/v2\/media?parent=9036"}],"wp:term":[{"taxonomy":"product_brand","embeddable":true,"href":"https:\/\/lovelybridebeograd.com\/en\/wp-json\/wp\/v2\/product_brand?post=9036"},{"taxonomy":"product_cat","embeddable":true,"href":"https:\/\/lovelybridebeograd.com\/en\/wp-json\/wp\/v2\/product_cat?post=9036"},{"taxonomy":"product_tag","embeddable":true,"href":"https:\/\/lovelybridebeograd.com\/en\/wp-json\/wp\/v2\/product_tag?post=9036"}],"curies":[{"name":"wp","href":"https:\/\/api.w.org\/{rel}","templated":true}]}}