{"id":9035,"date":"2024-10-29T20:06:44","date_gmt":"2024-10-29T20:06:44","guid":{"rendered":"https:\/\/lovelybride.nikolavuckovic.rs\/?post_type=product&#038;p=9035"},"modified":"2026-04-05T00:33:46","modified_gmt":"2026-04-04T22:33:46","slug":"miranda","status":"publish","type":"product","link":"https:\/\/lovelybridebeograd.com\/en\/product\/miranda\/","title":{"rendered":"Miranda"},"content":{"rendered":"<p>Miranda je ven\u010danica od organdina o\u010darava svojim savremenim dizajnom i ne\u017enim detaljima. Nabori<br \/>\nkoji formiraju korzet srcolikog izreza dodaju da\u0161ak romantike i \u017eenstvenosti, isti\u010du\u0107i struk i nagla\u0161avaju\u0107i<br \/>\ndekolte. Donji deo haljine pada u elegantnim slojevima, stvaraju\u0107i rasko\u0161an i eterealni izgled koji pleni<br \/>\nsvaki pogled.<br \/>\nVen\u010danica dolazi u kombinaciji sa prelepim ogrta\u010dem, koji dodatno nagla\u0161ava njen \u0161arm i sofisticiranost.<br \/>\nOvaj ogrta\u010d mo\u017ee biti savr\u0161eni detalj za ceremoniju, a istovremeno pru\u017ea mogu\u0107nost da se lako skine<br \/>\ntokom proslave. Sa ovakvom haljinom, svaka mlada \u0107e se ose\u0107ati kao prava princeza na svom posebnom<br \/>\ndanu.<\/p>","protected":false},"excerpt":{"rendered":"<p>Peaceful Grace<\/p>","protected":false},"featured_media":9018,"template":"","meta":{"_acf_changed":false},"product_brand":[],"product_cat":[44],"product_tag":[],"class_list":{"0":"post-9035","1":"product","2":"type-product","3":"status-publish","4":"has-post-thumbnail","6":"product_cat-a-kroj","8":"first","9":"instock","10":"shipping-taxable","11":"product-type-simple"},"acf":[],"_links":{"self":[{"href":"https:\/\/lovelybridebeograd.com\/en\/wp-json\/wp\/v2\/product\/9035","targetHints":{"allow":["GET"]}}],"collection":[{"href":"https:\/\/lovelybridebeograd.com\/en\/wp-json\/wp\/v2\/product"}],"about":[{"href":"https:\/\/lovelybridebeograd.com\/en\/wp-json\/wp\/v2\/types\/product"}],"wp:featuredmedia":[{"embeddable":true,"href":"https:\/\/lovelybridebeograd.com\/en\/wp-json\/wp\/v2\/media\/9018"}],"wp:attachment":[{"href":"https:\/\/lovelybridebeograd.com\/en\/wp-json\/wp\/v2\/media?parent=9035"}],"wp:term":[{"taxonomy":"product_brand","embeddable":true,"href":"https:\/\/lovelybridebeograd.com\/en\/wp-json\/wp\/v2\/product_brand?post=9035"},{"taxonomy":"product_cat","embeddable":true,"href":"https:\/\/lovelybridebeograd.com\/en\/wp-json\/wp\/v2\/product_cat?post=9035"},{"taxonomy":"product_tag","embeddable":true,"href":"https:\/\/lovelybridebeograd.com\/en\/wp-json\/wp\/v2\/product_tag?post=9035"}],"curies":[{"name":"wp","href":"https:\/\/api.w.org\/{rel}","templated":true}]}}