{"id":9034,"date":"2024-10-29T20:05:50","date_gmt":"2024-10-29T20:05:50","guid":{"rendered":"https:\/\/lovelybride.nikolavuckovic.rs\/?post_type=product&#038;p=9034"},"modified":"2026-04-05T00:35:00","modified_gmt":"2026-04-04T22:35:00","slug":"trinity","status":"publish","type":"product","link":"https:\/\/lovelybridebeograd.com\/en\/product\/trinity\/","title":{"rendered":"Trinity"},"content":{"rendered":"<p>Trinity je ven\u010danica u sirena kroju koja savr\u0161eno spaja senzualnost i eleganciju. \u010cipkasti korzet ne\u017eno obavija telo, isti\u010du\u0107i linije i nagla\u0161avaju\u0107i struk, dok uska krep suknja sa elegantnim \u0161lepom dodaje dramati\u010dnost i sofisticiranost svakom pokretu. Ova kombinacija stvara predivan izgled za mlade koje \u017eele da zra\u010de samopouzdanjem i stilom na svoj poseban dan. Kada se doda suknja od mikada, ven\u010danica se transformi\u0161e u prelepu A kroj verziju, pru\u017eaju\u0107i savr\u0161en balans izme\u0111u tradicionalnog i modernog. Ovaj dodatak ne samo da menja izgled haljine, ve\u0107 i omogu\u0107ava udobnost i lako\u0107u kretanja tokom proslave. Sa ovom ven\u010danicom, svaka mlada \u0107e izgledati i<br \/>\nose\u0107ati se kao prava princeza, spremna da zasija u svim trenucima svog ven\u010danja.<\/p>","protected":false},"excerpt":{"rendered":"<p>Peaceful Grace<\/p>","protected":false},"featured_media":9027,"template":"","meta":{"_acf_changed":false},"product_brand":[],"product_cat":[44],"product_tag":[],"class_list":{"0":"post-9034","1":"product","2":"type-product","3":"status-publish","4":"has-post-thumbnail","6":"product_cat-a-kroj","8":"first","9":"instock","10":"shipping-taxable","11":"product-type-simple"},"acf":[],"_links":{"self":[{"href":"https:\/\/lovelybridebeograd.com\/en\/wp-json\/wp\/v2\/product\/9034","targetHints":{"allow":["GET"]}}],"collection":[{"href":"https:\/\/lovelybridebeograd.com\/en\/wp-json\/wp\/v2\/product"}],"about":[{"href":"https:\/\/lovelybridebeograd.com\/en\/wp-json\/wp\/v2\/types\/product"}],"wp:featuredmedia":[{"embeddable":true,"href":"https:\/\/lovelybridebeograd.com\/en\/wp-json\/wp\/v2\/media\/9027"}],"wp:attachment":[{"href":"https:\/\/lovelybridebeograd.com\/en\/wp-json\/wp\/v2\/media?parent=9034"}],"wp:term":[{"taxonomy":"product_brand","embeddable":true,"href":"https:\/\/lovelybridebeograd.com\/en\/wp-json\/wp\/v2\/product_brand?post=9034"},{"taxonomy":"product_cat","embeddable":true,"href":"https:\/\/lovelybridebeograd.com\/en\/wp-json\/wp\/v2\/product_cat?post=9034"},{"taxonomy":"product_tag","embeddable":true,"href":"https:\/\/lovelybridebeograd.com\/en\/wp-json\/wp\/v2\/product_tag?post=9034"}],"curies":[{"name":"wp","href":"https:\/\/api.w.org\/{rel}","templated":true}]}}