{"id":9033,"date":"2024-10-29T20:04:55","date_gmt":"2024-10-29T20:04:55","guid":{"rendered":"https:\/\/lovelybride.nikolavuckovic.rs\/?post_type=product&#038;p=9033"},"modified":"2026-04-05T00:36:18","modified_gmt":"2026-04-04T22:36:18","slug":"rut","status":"publish","type":"product","link":"https:\/\/lovelybridebeograd.com\/en\/product\/rut\/","title":{"rendered":"Rut"},"content":{"rendered":"<p>Rut je ven\u010danica u sirena kroju od svetlucave \u010dipke koja donosi savr\u0161enu dozu glamura i sofisticiranosti. Svojim oblikom ne\u017eno prati linije tela, nagla\u0161avaju\u0107i \u017eenstvenu siluetu. Kada joj se doda suknja od mikada, haljina se transformi\u0161e u elegantnu A kroj verziju, pru\u017eaju\u0107i savr\u0161enu ravnote\u017eu izme\u0111u romanti\u010dne i modernog stila.<br \/>\nDodatak ma\u0161ne od tkanine preko dekoltea stvara prekrasan vizuelni efekat i dodaje dimenziju izgledu, istovremeno pru\u017eaju\u0107i potrebnu pokrivenost za crkveno ven\u010danje. Ovaj detalj \u010dini haljinu idealnom za sve vrste ceremonija, omogu\u0107avaju\u0107i mladi da zra\u010di stilom i samopouzdanjem. Sa ovom ven\u010danicom, svaka mlada \u0107e se ose\u0107ati posebno i elegantno, dok svaki trenutak postaje nezaboravan.<\/p>","protected":false},"excerpt":{"rendered":"<p>Peaceful Grace<\/p>","protected":false},"featured_media":9022,"template":"","meta":{"_acf_changed":false},"product_brand":[],"product_cat":[44],"product_tag":[],"class_list":{"0":"post-9033","1":"product","2":"type-product","3":"status-publish","4":"has-post-thumbnail","6":"product_cat-a-kroj","8":"first","9":"instock","10":"shipping-taxable","11":"product-type-simple"},"acf":[],"_links":{"self":[{"href":"https:\/\/lovelybridebeograd.com\/en\/wp-json\/wp\/v2\/product\/9033","targetHints":{"allow":["GET"]}}],"collection":[{"href":"https:\/\/lovelybridebeograd.com\/en\/wp-json\/wp\/v2\/product"}],"about":[{"href":"https:\/\/lovelybridebeograd.com\/en\/wp-json\/wp\/v2\/types\/product"}],"wp:featuredmedia":[{"embeddable":true,"href":"https:\/\/lovelybridebeograd.com\/en\/wp-json\/wp\/v2\/media\/9022"}],"wp:attachment":[{"href":"https:\/\/lovelybridebeograd.com\/en\/wp-json\/wp\/v2\/media?parent=9033"}],"wp:term":[{"taxonomy":"product_brand","embeddable":true,"href":"https:\/\/lovelybridebeograd.com\/en\/wp-json\/wp\/v2\/product_brand?post=9033"},{"taxonomy":"product_cat","embeddable":true,"href":"https:\/\/lovelybridebeograd.com\/en\/wp-json\/wp\/v2\/product_cat?post=9033"},{"taxonomy":"product_tag","embeddable":true,"href":"https:\/\/lovelybridebeograd.com\/en\/wp-json\/wp\/v2\/product_tag?post=9033"}],"curies":[{"name":"wp","href":"https:\/\/api.w.org\/{rel}","templated":true}]}}