{"id":9009,"date":"2024-10-29T20:03:39","date_gmt":"2024-10-29T20:03:39","guid":{"rendered":"https:\/\/lovelybride.nikolavuckovic.rs\/?post_type=product&#038;p=9009"},"modified":"2026-04-05T00:37:17","modified_gmt":"2026-04-04T22:37:17","slug":"allegra","status":"publish","type":"product","link":"https:\/\/lovelybridebeograd.com\/en\/product\/allegra\/","title":{"rendered":"Allegra"},"content":{"rendered":"<p>Allegra je prelepa ven\u010danica od mikado svile koja savr\u0161eno spaja eleganciju i sofisticiranost. Sa A krojem koji ne\u017eno oblikuje siluetu, haljina nagla\u0161ava struk i pru\u017ea slobodu kretanja, \u010dine\u0107i je idealnom za svaki trenutak va\u0161e svadbe. Dodatak bisernog ukrasa na kosi donosi da\u0161ak glamura i romanti\u010dne note, dok dubok prorez dodaje savremeni i senzualni \u0161arm. Tkanina se blago sjaji na svetlu, a svaki detalj ove haljine odra\u017eava vrhunski rad i posve\u0107enost dizajnu. Uz ovu ven\u010danicu, svaki trenutak \u0107e biti nezaboravan.<\/p>","protected":false},"excerpt":{"rendered":"<p>Peaceful Grace<\/p>","protected":false},"featured_media":9010,"template":"","meta":{"_acf_changed":false},"product_brand":[],"product_cat":[44],"product_tag":[],"class_list":{"0":"post-9009","1":"product","2":"type-product","3":"status-publish","4":"has-post-thumbnail","6":"product_cat-a-kroj","8":"first","9":"instock","10":"shipping-taxable","11":"product-type-simple"},"acf":[],"_links":{"self":[{"href":"https:\/\/lovelybridebeograd.com\/en\/wp-json\/wp\/v2\/product\/9009","targetHints":{"allow":["GET"]}}],"collection":[{"href":"https:\/\/lovelybridebeograd.com\/en\/wp-json\/wp\/v2\/product"}],"about":[{"href":"https:\/\/lovelybridebeograd.com\/en\/wp-json\/wp\/v2\/types\/product"}],"wp:featuredmedia":[{"embeddable":true,"href":"https:\/\/lovelybridebeograd.com\/en\/wp-json\/wp\/v2\/media\/9010"}],"wp:attachment":[{"href":"https:\/\/lovelybridebeograd.com\/en\/wp-json\/wp\/v2\/media?parent=9009"}],"wp:term":[{"taxonomy":"product_brand","embeddable":true,"href":"https:\/\/lovelybridebeograd.com\/en\/wp-json\/wp\/v2\/product_brand?post=9009"},{"taxonomy":"product_cat","embeddable":true,"href":"https:\/\/lovelybridebeograd.com\/en\/wp-json\/wp\/v2\/product_cat?post=9009"},{"taxonomy":"product_tag","embeddable":true,"href":"https:\/\/lovelybridebeograd.com\/en\/wp-json\/wp\/v2\/product_tag?post=9009"}],"curies":[{"name":"wp","href":"https:\/\/api.w.org\/{rel}","templated":true}]}}