{"id":6668,"date":"2024-08-28T06:38:02","date_gmt":"2024-08-28T06:38:02","guid":{"rendered":"https:\/\/lovelybride.nikolavuckovic.rs\/?post_type=product&#038;p=6668"},"modified":"2026-04-05T00:45:04","modified_gmt":"2026-04-04T22:45:04","slug":"leira","status":"publish","type":"product","link":"https:\/\/lovelybridebeograd.com\/en\/product\/leira\/","title":{"rendered":"Leira"},"content":{"rendered":"<p>Leira haljina ima otvorena le\u0111a sa pertlanjem, \u0161to dodaje da\u0161ak senzualnosti haljini. Boja slonova\u010de joj daje vanvremenski ose\u0107aj, \u010dine\u0107i je klasi\u010dnim izborom za svako ven\u010danje. Korset dodaje da\u0161ak glamura i sofisticiranosti, omogu\u0107avaju\u0107i mladoj da se ose\u0107a samopouzdano i prelepo.<br \/>\nLEIRA je napravljena od kombinacije tkanine, tila i \u010dipke, \u0161to joj daje romanti\u010dan i delikatan zavr\u0161ni izgled. Duga postava doprinosi eleganciji haljine, dok srcoliki dekolte i A-kroj silueta laskaju svakom tipu tela. Asimetri\u010dni rukavi su savr\u0161eni za mlade koje \u017eele jedinstven i moderan dodir, dok neprovidna tkanina osigurava da je haljina prikladna za ven\u010danje.<br \/>\nHaljina tako\u0111e ima prorez na suknji, dodaju\u0107i kretanje i tok dizajnu.<\/p>","protected":false},"excerpt":{"rendered":"<p>Armonia Marbella<\/p>","protected":false},"featured_media":6850,"template":"","meta":{"_acf_changed":false},"product_brand":[],"product_cat":[44],"product_tag":[],"class_list":{"0":"post-6668","1":"product","2":"type-product","3":"status-publish","4":"has-post-thumbnail","6":"product_cat-a-kroj","8":"first","9":"instock","10":"shipping-taxable","11":"product-type-simple"},"acf":[],"_links":{"self":[{"href":"https:\/\/lovelybridebeograd.com\/en\/wp-json\/wp\/v2\/product\/6668","targetHints":{"allow":["GET"]}}],"collection":[{"href":"https:\/\/lovelybridebeograd.com\/en\/wp-json\/wp\/v2\/product"}],"about":[{"href":"https:\/\/lovelybridebeograd.com\/en\/wp-json\/wp\/v2\/types\/product"}],"wp:featuredmedia":[{"embeddable":true,"href":"https:\/\/lovelybridebeograd.com\/en\/wp-json\/wp\/v2\/media\/6850"}],"wp:attachment":[{"href":"https:\/\/lovelybridebeograd.com\/en\/wp-json\/wp\/v2\/media?parent=6668"}],"wp:term":[{"taxonomy":"product_brand","embeddable":true,"href":"https:\/\/lovelybridebeograd.com\/en\/wp-json\/wp\/v2\/product_brand?post=6668"},{"taxonomy":"product_cat","embeddable":true,"href":"https:\/\/lovelybridebeograd.com\/en\/wp-json\/wp\/v2\/product_cat?post=6668"},{"taxonomy":"product_tag","embeddable":true,"href":"https:\/\/lovelybridebeograd.com\/en\/wp-json\/wp\/v2\/product_tag?post=6668"}],"curies":[{"name":"wp","href":"https:\/\/api.w.org\/{rel}","templated":true}]}}