{"id":6666,"date":"2024-08-28T06:36:15","date_gmt":"2024-08-28T06:36:15","guid":{"rendered":"https:\/\/lovelybride.nikolavuckovic.rs\/?post_type=product&#038;p=6666"},"modified":"2026-04-05T00:51:20","modified_gmt":"2026-04-04T22:51:20","slug":"gleam","status":"publish","type":"product","link":"https:\/\/lovelybridebeograd.com\/en\/product\/gleam\/","title":{"rendered":"Gleam"},"content":{"rendered":"<p>Gleam je klasi\u010dna i vanvremenska haljina koja isijava eleganciju i sofisticiranost. Haljina ima zadivljuju\u0107i dekolte koji nagla\u0161ava prirodnu lepotu mlade, dok je A-kroj siluete univerzalno laskav i savr\u0161en za bilo koji tip tela. Dizajnirana je sa otvorenim le\u0111ima koja dodaju da\u0161ak senzualnosti i privla\u010dnosti, \u0161to je idealno za mladu koja \u017eeli da ostavi utisak.<br \/>\nZatvaranje na le\u0111ima je dizajnirano sa pertlanjem, \u0161to omogu\u0107ava \u010dvrst i konturisan fit koji isti\u010de figuru mlade. Korset sa dodatnom potporom i strukturom pru\u017ea sigurnost i udobnost tokom celog ven\u010danog dana.<br \/>\nHaljina dolazi sa odvojivim rukavima, \u0161to omogu\u0107ava mladoj da prilagodi svoj izgled prema sopstvenim \u017eeljama. Napravljena od delikatne organze, haljina ima mekan i savitljiv teksturu koja glatko klizi preko ko\u017ee.<\/p>","protected":false},"excerpt":{"rendered":"<p>Armonia<\/p>","protected":false},"featured_media":10262,"template":"","meta":{"_acf_changed":false},"product_brand":[],"product_cat":[44],"product_tag":[],"class_list":{"0":"post-6666","1":"product","2":"type-product","3":"status-publish","4":"has-post-thumbnail","6":"product_cat-a-kroj","8":"first","9":"instock","10":"shipping-taxable","11":"product-type-simple"},"acf":[],"_links":{"self":[{"href":"https:\/\/lovelybridebeograd.com\/en\/wp-json\/wp\/v2\/product\/6666","targetHints":{"allow":["GET"]}}],"collection":[{"href":"https:\/\/lovelybridebeograd.com\/en\/wp-json\/wp\/v2\/product"}],"about":[{"href":"https:\/\/lovelybridebeograd.com\/en\/wp-json\/wp\/v2\/types\/product"}],"wp:featuredmedia":[{"embeddable":true,"href":"https:\/\/lovelybridebeograd.com\/en\/wp-json\/wp\/v2\/media\/10262"}],"wp:attachment":[{"href":"https:\/\/lovelybridebeograd.com\/en\/wp-json\/wp\/v2\/media?parent=6666"}],"wp:term":[{"taxonomy":"product_brand","embeddable":true,"href":"https:\/\/lovelybridebeograd.com\/en\/wp-json\/wp\/v2\/product_brand?post=6666"},{"taxonomy":"product_cat","embeddable":true,"href":"https:\/\/lovelybridebeograd.com\/en\/wp-json\/wp\/v2\/product_cat?post=6666"},{"taxonomy":"product_tag","embeddable":true,"href":"https:\/\/lovelybridebeograd.com\/en\/wp-json\/wp\/v2\/product_tag?post=6666"}],"curies":[{"name":"wp","href":"https:\/\/api.w.org\/{rel}","templated":true}]}}