{"id":6665,"date":"2024-08-28T06:35:31","date_gmt":"2024-08-28T06:35:31","guid":{"rendered":"https:\/\/lovelybride.nikolavuckovic.rs\/?post_type=product&#038;p=6665"},"modified":"2026-04-05T00:51:56","modified_gmt":"2026-04-04T22:51:56","slug":"calore","status":"publish","type":"product","link":"https:\/\/lovelybridebeograd.com\/en\/product\/calore\/","title":{"rendered":"Calore"},"content":{"rendered":"<p>Calore, krem-haljina u A kroju dizajnirana je sa preciznim detaljima, \u0161to je \u010dini idealnim izborom za savremenu mladu. Haljina ima ravan dekolte i dizajn bez rukava, \u0161to je savr\u0161eno za isticanje prirodne lepote mlade. Otvorena le\u0111a povezana su delikatnim pertlanjem koje dodaje da\u0161ak elegancije celokupnom izgledu. Haljina uklju\u010duje i odvojivu ma\u0161nu koja dodaje originalnost ovom modelu.<br \/>\nLuksuzna organza tkanina nje\u017eno obavija siluetu mlade, pru\u017eaju\u0107i delikatan i o\u010daravaju\u0107i izgled. Suknja s prorezom omogu\u0107ava lako\u0107u kretanja mlade. Na kraju, neprovidna postava osigurava da se mlada ose\u0107a samopouzdano i udobno tokom celog svog posebnog dana. Sve u svemu, Calore je odli\u010dan izbor za mladu koja tra\u017ei savr\u0161enu ravnote\u017eu izme\u0111u elegancije, prakti\u010dnosti i stila kako bi svoj ven\u010dani dan u\u010dinila nezaboravnim.<\/p>","protected":false},"excerpt":{"rendered":"<p>Armonia Ravelino<\/p>","protected":false},"featured_media":6833,"template":"","meta":{"_acf_changed":false},"product_brand":[],"product_cat":[44],"product_tag":[],"class_list":{"0":"post-6665","1":"product","2":"type-product","3":"status-publish","4":"has-post-thumbnail","6":"product_cat-a-kroj","8":"first","9":"instock","10":"shipping-taxable","11":"product-type-simple"},"acf":[],"_links":{"self":[{"href":"https:\/\/lovelybridebeograd.com\/en\/wp-json\/wp\/v2\/product\/6665","targetHints":{"allow":["GET"]}}],"collection":[{"href":"https:\/\/lovelybridebeograd.com\/en\/wp-json\/wp\/v2\/product"}],"about":[{"href":"https:\/\/lovelybridebeograd.com\/en\/wp-json\/wp\/v2\/types\/product"}],"wp:featuredmedia":[{"embeddable":true,"href":"https:\/\/lovelybridebeograd.com\/en\/wp-json\/wp\/v2\/media\/6833"}],"wp:attachment":[{"href":"https:\/\/lovelybridebeograd.com\/en\/wp-json\/wp\/v2\/media?parent=6665"}],"wp:term":[{"taxonomy":"product_brand","embeddable":true,"href":"https:\/\/lovelybridebeograd.com\/en\/wp-json\/wp\/v2\/product_brand?post=6665"},{"taxonomy":"product_cat","embeddable":true,"href":"https:\/\/lovelybridebeograd.com\/en\/wp-json\/wp\/v2\/product_cat?post=6665"},{"taxonomy":"product_tag","embeddable":true,"href":"https:\/\/lovelybridebeograd.com\/en\/wp-json\/wp\/v2\/product_tag?post=6665"}],"curies":[{"name":"wp","href":"https:\/\/api.w.org\/{rel}","templated":true}]}}