{"id":6661,"date":"2024-08-28T06:29:58","date_gmt":"2024-08-28T06:29:58","guid":{"rendered":"https:\/\/lovelybride.nikolavuckovic.rs\/?post_type=product&#038;p=6661"},"modified":"2026-04-05T00:54:23","modified_gmt":"2026-04-04T22:54:23","slug":"gaya","status":"publish","type":"product","link":"https:\/\/lovelybridebeograd.com\/en\/product\/gaya\/","title":{"rendered":"Gaya"},"content":{"rendered":"<p>Gaya, prelepa kratka ven\u010danica donosi savr\u0161en spoj moderne elegancije i zabavnog \u0161arma. Izra\u0111ena je od visokokvalitetnog materijala, sa pa\u017enjom na svaki detalj, stvaraju\u0107i jedinstven i upe\u010datljiv izgled.<br \/>\nVen\u010danica se odlikuje puf bokovima, koji dodaju volumen i romanti\u010dan karakter celokupnom izgledu. Ovi pufasti detalji pru\u017eaju savr\u0161enu ravnote\u017eu i dinami\u010dnost, dok kratka suknja omogu\u0107ava slobodu kretanja i moderni izgled.<br \/>\nNa le\u0111ima, ven\u010danica ima elegantne trake koje prekrivaju otvoreni deo, dodaju\u0107i sofisticiran i senzualan akcenat. Trake se savr\u0161eno uklapaju sa gornjim delom ven\u010danice i doprinose njenom jedinstvenom stilu.<br \/>\nKao poseban dodatak, ven\u010danica dolazi sa ogromnom ma\u0161nom koja se postavlja na struku sa zadnje strane. Ova velika ma\u0161na dodaje dramati\u010dan i glamurozan zavr\u0161ni dodir, stvaraju\u0107i impresivan vizuelni efekat i \u010dine\u0107i ven\u010danicu savr\u0161enim izborom za mladu koja \u017eeli da se istakne na poseban na\u010din.<\/p>","protected":false},"excerpt":{"rendered":"<p>LOVELY simple and unique part 2<\/p>","protected":false},"featured_media":8800,"template":"","meta":{"_acf_changed":false},"product_brand":[],"product_cat":[53],"product_tag":[],"class_list":{"0":"post-6661","1":"product","2":"type-product","3":"status-publish","4":"has-post-thumbnail","6":"product_cat-mini-kroj","8":"first","9":"instock","10":"shipping-taxable","11":"product-type-simple"},"acf":[],"_links":{"self":[{"href":"https:\/\/lovelybridebeograd.com\/en\/wp-json\/wp\/v2\/product\/6661","targetHints":{"allow":["GET"]}}],"collection":[{"href":"https:\/\/lovelybridebeograd.com\/en\/wp-json\/wp\/v2\/product"}],"about":[{"href":"https:\/\/lovelybridebeograd.com\/en\/wp-json\/wp\/v2\/types\/product"}],"wp:featuredmedia":[{"embeddable":true,"href":"https:\/\/lovelybridebeograd.com\/en\/wp-json\/wp\/v2\/media\/8800"}],"wp:attachment":[{"href":"https:\/\/lovelybridebeograd.com\/en\/wp-json\/wp\/v2\/media?parent=6661"}],"wp:term":[{"taxonomy":"product_brand","embeddable":true,"href":"https:\/\/lovelybridebeograd.com\/en\/wp-json\/wp\/v2\/product_brand?post=6661"},{"taxonomy":"product_cat","embeddable":true,"href":"https:\/\/lovelybridebeograd.com\/en\/wp-json\/wp\/v2\/product_cat?post=6661"},{"taxonomy":"product_tag","embeddable":true,"href":"https:\/\/lovelybridebeograd.com\/en\/wp-json\/wp\/v2\/product_tag?post=6661"}],"curies":[{"name":"wp","href":"https:\/\/api.w.org\/{rel}","templated":true}]}}