{"id":6658,"date":"2024-08-28T06:28:22","date_gmt":"2024-08-28T06:28:22","guid":{"rendered":"https:\/\/lovelybride.nikolavuckovic.rs\/?post_type=product&#038;p=6658"},"modified":"2026-04-05T00:58:37","modified_gmt":"2026-04-04T22:58:37","slug":"eva","status":"publish","type":"product","link":"https:\/\/lovelybridebeograd.com\/en\/product\/eva\/","title":{"rendered":"Eva"},"content":{"rendered":"<p>Eva, kratka ven\u010danica uskog kroja izra\u0111ena je od francuskog krepa, materijala poznatog po svojoj udobnosti i luksuznom ose\u0107aju. Savr\u0161ena je za mladu koja \u017eeli da kombinuje sofisticiranost sa modernim stilom, pru\u017eaju\u0107i savr\u0161eno prianjanje i komfor tokom celog dana.<br \/>\nVen\u010danica se isti\u010de otvorenim le\u0111ima, \u0161to dodaje sofisticiran i senzualan izgled. Na ramenima su prisutne naramenice koje doprinose dramati\u010dnijem izrazu i dodatnom \u0161armu, dok ukrasi od bisera na naramenicama pru\u017eaju suptilan, ali luksuzan detalj.<br \/>\nKratka suknja savr\u0161eno se uklapa u uski kroj, stvaraju\u0107i modernu siluetu. Ova ven\u010danica je idealna za mladu koja \u017eeli da se istakne svojim stilom na poseban dan, kombinuju\u0107i klasi\u010dnu eleganciju sa savremenim detaljima.<\/p>","protected":false},"excerpt":{"rendered":"<p>LOVELY simple and unique part 2<\/p>","protected":false},"featured_media":8722,"template":"","meta":{"_acf_changed":false},"product_brand":[],"product_cat":[53],"product_tag":[],"class_list":{"0":"post-6658","1":"product","2":"type-product","3":"status-publish","4":"has-post-thumbnail","6":"product_cat-mini-kroj","8":"first","9":"instock","10":"shipping-taxable","11":"product-type-simple"},"acf":[],"_links":{"self":[{"href":"https:\/\/lovelybridebeograd.com\/en\/wp-json\/wp\/v2\/product\/6658","targetHints":{"allow":["GET"]}}],"collection":[{"href":"https:\/\/lovelybridebeograd.com\/en\/wp-json\/wp\/v2\/product"}],"about":[{"href":"https:\/\/lovelybridebeograd.com\/en\/wp-json\/wp\/v2\/types\/product"}],"wp:featuredmedia":[{"embeddable":true,"href":"https:\/\/lovelybridebeograd.com\/en\/wp-json\/wp\/v2\/media\/8722"}],"wp:attachment":[{"href":"https:\/\/lovelybridebeograd.com\/en\/wp-json\/wp\/v2\/media?parent=6658"}],"wp:term":[{"taxonomy":"product_brand","embeddable":true,"href":"https:\/\/lovelybridebeograd.com\/en\/wp-json\/wp\/v2\/product_brand?post=6658"},{"taxonomy":"product_cat","embeddable":true,"href":"https:\/\/lovelybridebeograd.com\/en\/wp-json\/wp\/v2\/product_cat?post=6658"},{"taxonomy":"product_tag","embeddable":true,"href":"https:\/\/lovelybridebeograd.com\/en\/wp-json\/wp\/v2\/product_tag?post=6658"}],"curies":[{"name":"wp","href":"https:\/\/api.w.org\/{rel}","templated":true}]}}