{"id":6655,"date":"2024-08-27T18:50:34","date_gmt":"2024-08-27T18:50:34","guid":{"rendered":"https:\/\/lovelybride.nikolavuckovic.rs\/?post_type=product&#038;p=6655"},"modified":"2026-04-05T01:01:31","modified_gmt":"2026-04-04T23:01:31","slug":"nika","status":"publish","type":"product","link":"https:\/\/lovelybridebeograd.com\/en\/product\/nika\/","title":{"rendered":"Nika"},"content":{"rendered":"<p>Nika ven\u010danica srcolikog izraza od francuskog krepa kombinuje udobnost i eleganciju na savr\u0161en na\u010din. Izra\u0111ena od ovog izuzetno prijatnog materijala, ven\u010danica pru\u017ea savr\u0161eno prianjanje i luksuzan ose\u0107aj tokom celog dana. Njen srcoliki kroj nagla\u0161ava obline i stvara romanti\u010dan i \u017eenstven izgled.<br \/>\nDodatak ove ven\u010danice je rasko\u0161ni ogrta\u010d od 50 metara materijala organdina. Ovaj spektakularan ogrta\u010d je oblikovan kao buket, s detaljima koji imituju ru\u017ee. Svaki deo ogrta\u010da predstavlja savr\u0161eno izra\u0111ene ru\u017ee, stvaraju\u0107i dramati\u010dan i impresivan vizuelni efekat dok se kre\u0107ete. Ogrta\u010d dodaje veli\u010danstven zavr\u0161ni dodir celokupnom izgledu, \u010dine\u0107i ovu ven\u010danicu savr\u0161enim izborom za mladu koja \u017eeli da se ose\u0107a kao prava zvezda na svom posebnom danu.<\/p>","protected":false},"excerpt":{"rendered":"<p>LOVELY Simple and Unique Part 1<\/p>","protected":false},"featured_media":6934,"template":"","meta":{"_acf_changed":false},"product_brand":[],"product_cat":[52],"product_tag":[],"class_list":{"0":"post-6655","1":"product","2":"type-product","3":"status-publish","4":"has-post-thumbnail","6":"product_cat-ravni-kroj","8":"first","9":"instock","10":"shipping-taxable","11":"product-type-simple"},"acf":[],"_links":{"self":[{"href":"https:\/\/lovelybridebeograd.com\/en\/wp-json\/wp\/v2\/product\/6655","targetHints":{"allow":["GET"]}}],"collection":[{"href":"https:\/\/lovelybridebeograd.com\/en\/wp-json\/wp\/v2\/product"}],"about":[{"href":"https:\/\/lovelybridebeograd.com\/en\/wp-json\/wp\/v2\/types\/product"}],"wp:featuredmedia":[{"embeddable":true,"href":"https:\/\/lovelybridebeograd.com\/en\/wp-json\/wp\/v2\/media\/6934"}],"wp:attachment":[{"href":"https:\/\/lovelybridebeograd.com\/en\/wp-json\/wp\/v2\/media?parent=6655"}],"wp:term":[{"taxonomy":"product_brand","embeddable":true,"href":"https:\/\/lovelybridebeograd.com\/en\/wp-json\/wp\/v2\/product_brand?post=6655"},{"taxonomy":"product_cat","embeddable":true,"href":"https:\/\/lovelybridebeograd.com\/en\/wp-json\/wp\/v2\/product_cat?post=6655"},{"taxonomy":"product_tag","embeddable":true,"href":"https:\/\/lovelybridebeograd.com\/en\/wp-json\/wp\/v2\/product_tag?post=6655"}],"curies":[{"name":"wp","href":"https:\/\/api.w.org\/{rel}","templated":true}]}}