{"id":6647,"date":"2024-08-27T18:41:00","date_gmt":"2024-08-27T18:41:00","guid":{"rendered":"https:\/\/lovelybride.nikolavuckovic.rs\/?post_type=product&#038;p=6647"},"modified":"2026-04-05T01:07:45","modified_gmt":"2026-04-04T23:07:45","slug":"sun","status":"publish","type":"product","link":"https:\/\/lovelybridebeograd.com\/en\/product\/sun\/","title":{"rendered":"Sun"},"content":{"rendered":"<p>Sun odi\u0161e blistavim sjajem i luksuzom. Ura\u0111ena je od transparentne \u010dipke koja presijava u prelepim nijansama zlatne boje, stvaraju\u0107i efekat zra\u010denja koji privla\u010di pa\u017enju i oduzima dah. Posebno je atraktivan otvoreni deo na le\u0111ima, koji dodaje da\u0161ak senzualnosti i sofisticiranosti.<br \/>\nSavr\u0161ena za mladu koja \u017eeli da zasija u punom sjaju, ven\u010danica &#8222;Sun&#8220; predstavlja idealan izbor za one koji te\u017ee neuporedivom glamuru i eleganciji. Njen dizajn kombinira klasi\u010dne elemente sa modernim detaljima, pru\u017eaju\u0107i ne samo vizuelni efekat, ve\u0107 i ose\u0107aj posebnosti i luksuza na najva\u017eniji dan u \u017eivotu.<\/p>","protected":false},"excerpt":{"rendered":"<p>LOVELY Simple and Unique Part 1<\/p>","protected":false},"featured_media":6757,"template":"","meta":{"_acf_changed":false},"product_brand":[],"product_cat":[52],"product_tag":[],"class_list":{"0":"post-6647","1":"product","2":"type-product","3":"status-publish","4":"has-post-thumbnail","6":"product_cat-ravni-kroj","8":"first","9":"instock","10":"shipping-taxable","11":"product-type-simple"},"acf":[],"_links":{"self":[{"href":"https:\/\/lovelybridebeograd.com\/en\/wp-json\/wp\/v2\/product\/6647","targetHints":{"allow":["GET"]}}],"collection":[{"href":"https:\/\/lovelybridebeograd.com\/en\/wp-json\/wp\/v2\/product"}],"about":[{"href":"https:\/\/lovelybridebeograd.com\/en\/wp-json\/wp\/v2\/types\/product"}],"wp:featuredmedia":[{"embeddable":true,"href":"https:\/\/lovelybridebeograd.com\/en\/wp-json\/wp\/v2\/media\/6757"}],"wp:attachment":[{"href":"https:\/\/lovelybridebeograd.com\/en\/wp-json\/wp\/v2\/media?parent=6647"}],"wp:term":[{"taxonomy":"product_brand","embeddable":true,"href":"https:\/\/lovelybridebeograd.com\/en\/wp-json\/wp\/v2\/product_brand?post=6647"},{"taxonomy":"product_cat","embeddable":true,"href":"https:\/\/lovelybridebeograd.com\/en\/wp-json\/wp\/v2\/product_cat?post=6647"},{"taxonomy":"product_tag","embeddable":true,"href":"https:\/\/lovelybridebeograd.com\/en\/wp-json\/wp\/v2\/product_tag?post=6647"}],"curies":[{"name":"wp","href":"https:\/\/api.w.org\/{rel}","templated":true}]}}