{"id":6645,"date":"2024-08-27T18:39:17","date_gmt":"2024-08-27T18:39:17","guid":{"rendered":"https:\/\/lovelybride.nikolavuckovic.rs\/?post_type=product&#038;p=6645"},"modified":"2026-04-05T01:09:20","modified_gmt":"2026-04-04T23:09:20","slug":"grayson","status":"publish","type":"product","link":"https:\/\/lovelybridebeograd.com\/en\/product\/grayson\/","title":{"rendered":"Grayson"},"content":{"rendered":"<p>Grayson je oli\u010denje uzvi\u0161enog stila i grandioznosti, pa\u017eljivo izra\u0111ena od luksuznog francuskog krepa sa delikatnim dugmi\u0107ima koji pru\u017eaju savr\u0161eno oblikovanje. Njena otvorena le\u0111a savr\u0161eno kontrastiraju i dopunjuju visoki izrez i potpuno pokriva\u010d korzet.<br \/>\nGrayson-ova bezvremenska i klasi\u010dna silueta je unapre\u0111ena kada se kombinuje sa odgovaraju\u0107om punom suknjom od krepa, dodaju\u0107i da\u0161ak dodatnog glamura. Ova kombinacija pru\u017ea savr\u0161en balans izme\u0111u drame za hodanje niz prolaz i uskla\u0111enog stila za proslave koje slede. Uparite Grayson sa na\u0161im Quinn Velom za dodatni dodir bezvremenskog \u0161arma.<br \/>\nGrayson se tako\u0111e savr\u0161eno uklapa sa na\u0161im Crepe Ties.<\/p>","protected":false},"excerpt":{"rendered":"<p>LOVELY Simple and Unique Part 1<\/p>","protected":false},"featured_media":3840,"template":"","meta":{"_acf_changed":false},"product_brand":[],"product_cat":[52],"product_tag":[],"class_list":{"0":"post-6645","1":"product","2":"type-product","3":"status-publish","4":"has-post-thumbnail","6":"product_cat-ravni-kroj","8":"first","9":"instock","10":"shipping-taxable","11":"product-type-simple"},"acf":[],"_links":{"self":[{"href":"https:\/\/lovelybridebeograd.com\/en\/wp-json\/wp\/v2\/product\/6645","targetHints":{"allow":["GET"]}}],"collection":[{"href":"https:\/\/lovelybridebeograd.com\/en\/wp-json\/wp\/v2\/product"}],"about":[{"href":"https:\/\/lovelybridebeograd.com\/en\/wp-json\/wp\/v2\/types\/product"}],"wp:featuredmedia":[{"embeddable":true,"href":"https:\/\/lovelybridebeograd.com\/en\/wp-json\/wp\/v2\/media\/3840"}],"wp:attachment":[{"href":"https:\/\/lovelybridebeograd.com\/en\/wp-json\/wp\/v2\/media?parent=6645"}],"wp:term":[{"taxonomy":"product_brand","embeddable":true,"href":"https:\/\/lovelybridebeograd.com\/en\/wp-json\/wp\/v2\/product_brand?post=6645"},{"taxonomy":"product_cat","embeddable":true,"href":"https:\/\/lovelybridebeograd.com\/en\/wp-json\/wp\/v2\/product_cat?post=6645"},{"taxonomy":"product_tag","embeddable":true,"href":"https:\/\/lovelybridebeograd.com\/en\/wp-json\/wp\/v2\/product_tag?post=6645"}],"curies":[{"name":"wp","href":"https:\/\/api.w.org\/{rel}","templated":true}]}}