{"id":6644,"date":"2024-08-27T18:37:22","date_gmt":"2024-08-27T18:37:22","guid":{"rendered":"https:\/\/lovelybride.nikolavuckovic.rs\/?post_type=product&#038;p=6644"},"modified":"2026-04-05T01:09:54","modified_gmt":"2026-04-04T23:09:54","slug":"adore","status":"publish","type":"product","link":"https:\/\/lovelybridebeograd.com\/en\/product\/adore\/","title":{"rendered":"Adore"},"content":{"rendered":"<p>Adore ven\u010danica sirena kroja izra\u0111ena je od luksuznog francuskog krepa, materijala poznatog po svojoj elegantnoj drapi i udobnosti. Dizajnirana da istakne savr\u0161enu figuru, ven\u010danica kombinuje sofisticiranost sa modernim detaljima u jedinstvenom stilu.<br \/>\nGornji deo ven\u010danice je oblikovan sa pravougaonim otvorom, koji pru\u017ea savr\u0161en balans izme\u0111u elegancije i modernog dizajna. Ovaj otvor stvara zanimljiv i sofisticiran vizuelni efekat, dok krasi dekolte sa savr\u0161enim i prefinjenim izgledom. Posebno interesantan detalj ven\u010danice je neobi\u010dan dizajn le\u0111a. Ovo inovativno re\u0161enje stvara upe\u010datljiv vizuelni efekat i dodaje jedinstven \u0161arm celokupnom izgledu. Ovaj detalj omogu\u0107ava da le\u0111a dobiju posebnu pa\u017enju, pru\u017eaju\u0107i savr\u0161enu kombinaciju modernog i klasi\u010dnog stila.<br \/>\nSuknja ven\u010danice, koja se \u0161iri u tipi\u010dnom sirena kroju, donosi dodatni \u0161arm sa ukrasnim dugmi\u0107ima u zadnjem delu. Ovi dugmi\u0107i dodaju sofisticiran i elegantan zavr\u0161ni dodir, upotpunjuju\u0107i celokupan izgled ven\u010danice.<br \/>\nOva ven\u010danica je savr\u0161en izbor za mladu koja \u017eeli da se istakne na svoj poseban dan, kombinuju\u0107i klasi\u010dnu lepotu sa modernim i inovativnim detaljima. Francuski krep pru\u017ea luksuzan ose\u0107aj, dok jedinstveni dizajn dodaje posebnu notu sofisticiranosti.<\/p>","protected":false},"excerpt":{"rendered":"<p>LOVELY Simple and Unique Part 1<\/p>","protected":false},"featured_media":6941,"template":"","meta":{"_acf_changed":false},"product_brand":[],"product_cat":[52],"product_tag":[],"class_list":{"0":"post-6644","1":"product","2":"type-product","3":"status-publish","4":"has-post-thumbnail","6":"product_cat-ravni-kroj","8":"first","9":"instock","10":"shipping-taxable","11":"product-type-simple"},"acf":[],"_links":{"self":[{"href":"https:\/\/lovelybridebeograd.com\/en\/wp-json\/wp\/v2\/product\/6644","targetHints":{"allow":["GET"]}}],"collection":[{"href":"https:\/\/lovelybridebeograd.com\/en\/wp-json\/wp\/v2\/product"}],"about":[{"href":"https:\/\/lovelybridebeograd.com\/en\/wp-json\/wp\/v2\/types\/product"}],"wp:featuredmedia":[{"embeddable":true,"href":"https:\/\/lovelybridebeograd.com\/en\/wp-json\/wp\/v2\/media\/6941"}],"wp:attachment":[{"href":"https:\/\/lovelybridebeograd.com\/en\/wp-json\/wp\/v2\/media?parent=6644"}],"wp:term":[{"taxonomy":"product_brand","embeddable":true,"href":"https:\/\/lovelybridebeograd.com\/en\/wp-json\/wp\/v2\/product_brand?post=6644"},{"taxonomy":"product_cat","embeddable":true,"href":"https:\/\/lovelybridebeograd.com\/en\/wp-json\/wp\/v2\/product_cat?post=6644"},{"taxonomy":"product_tag","embeddable":true,"href":"https:\/\/lovelybridebeograd.com\/en\/wp-json\/wp\/v2\/product_tag?post=6644"}],"curies":[{"name":"wp","href":"https:\/\/api.w.org\/{rel}","templated":true}]}}