{"id":6643,"date":"2024-08-27T18:36:42","date_gmt":"2024-08-27T18:36:42","guid":{"rendered":"https:\/\/lovelybride.nikolavuckovic.rs\/?post_type=product&#038;p=6643"},"modified":"2026-04-05T01:10:32","modified_gmt":"2026-04-04T23:10:32","slug":"austin","status":"publish","type":"product","link":"https:\/\/lovelybridebeograd.com\/en\/product\/austin\/","title":{"rendered":"Austin"},"content":{"rendered":"<p>Austin je klasi\u010dna, seksi i bezvremenska. Ona utelovljuje sve \u0161to predstavlja Lovely. Austin je izra\u0111ena od na\u0161eg popularnog, mekog dvostrukog materijala koji se savr\u0161eno prilago\u0111ava telu i oblikuje laskavu siluetu. Moderni zaokret na na\u0161em ikoni\u010dnom kroju, Austin se isti\u010de dubokim V otvorenim le\u0111ima. Njena otvorena le\u0111a prate V liniju i okru\u017eena su najdelikatnijim krep obrubom i krep dugmi\u0107ima koji se spajaju na vrhu njenog godeta. Austin je savr\u0161ena za minimalnu, ali glamuroznu mladu koja tra\u017ei elegantan i romanti\u010dan izgled na svom velikom danu.<br \/>\nDostupna u klasi\u010dnoj boji slonova\u010de.<\/p>","protected":false},"excerpt":{"rendered":"<p>LOVELY Simple and Unique Part 1<\/p>","protected":false},"featured_media":6910,"template":"","meta":{"_acf_changed":false},"product_brand":[],"product_cat":[52],"product_tag":[],"class_list":{"0":"post-6643","1":"product","2":"type-product","3":"status-publish","4":"has-post-thumbnail","6":"product_cat-ravni-kroj","8":"first","9":"instock","10":"shipping-taxable","11":"product-type-simple"},"acf":[],"_links":{"self":[{"href":"https:\/\/lovelybridebeograd.com\/en\/wp-json\/wp\/v2\/product\/6643","targetHints":{"allow":["GET"]}}],"collection":[{"href":"https:\/\/lovelybridebeograd.com\/en\/wp-json\/wp\/v2\/product"}],"about":[{"href":"https:\/\/lovelybridebeograd.com\/en\/wp-json\/wp\/v2\/types\/product"}],"wp:featuredmedia":[{"embeddable":true,"href":"https:\/\/lovelybridebeograd.com\/en\/wp-json\/wp\/v2\/media\/6910"}],"wp:attachment":[{"href":"https:\/\/lovelybridebeograd.com\/en\/wp-json\/wp\/v2\/media?parent=6643"}],"wp:term":[{"taxonomy":"product_brand","embeddable":true,"href":"https:\/\/lovelybridebeograd.com\/en\/wp-json\/wp\/v2\/product_brand?post=6643"},{"taxonomy":"product_cat","embeddable":true,"href":"https:\/\/lovelybridebeograd.com\/en\/wp-json\/wp\/v2\/product_cat?post=6643"},{"taxonomy":"product_tag","embeddable":true,"href":"https:\/\/lovelybridebeograd.com\/en\/wp-json\/wp\/v2\/product_tag?post=6643"}],"curies":[{"name":"wp","href":"https:\/\/api.w.org\/{rel}","templated":true}]}}