{"id":6639,"date":"2024-08-27T18:33:12","date_gmt":"2024-08-27T18:33:12","guid":{"rendered":"https:\/\/lovelybride.nikolavuckovic.rs\/?post_type=product&#038;p=6639"},"modified":"2026-04-05T01:12:59","modified_gmt":"2026-04-04T23:12:59","slug":"divine","status":"publish","type":"product","link":"https:\/\/lovelybridebeograd.com\/en\/product\/divine\/","title":{"rendered":"Divine"},"content":{"rendered":"<p>Divine ven\u010danica iz tri dela spaja sofisticiranost i moderni \u0161arm u savr\u0161enom izdanju. Izra\u0111ena od visokokvalitetnog svilenog materijala visokog sjaja, ven\u010danica pru\u017ea luksuzan ose\u0107aj i izuzetnu udobnost tokom celog dana.Ven\u010danica je opremljena sa savr\u0161eno oblikovanim korsetskim topom koji nagla\u0161ava struk i pru\u017ea elegantno prianjanje. Korzet je izra\u0111en od svilenog materijala koji se prelepo presijava pod svetlom, dodaju\u0107i sofisticiran sjaj.<br \/>\nDivine dolazi sa asimetri\u010dnim dizajnom, \u0161to dodaje jedinstven i moderan karakter. Ovaj detalj stvara zanimljivu igru linija i oblika, pru\u017eaju\u0107i dinami\u010dan vizuelni efekat.Suknja ven\u010danice je pa\u017eljivo krojena da se savr\u0161eno uklopi sa gornjim delom. Sa svojim savr\u0161enim sjajem i sofisticiranim krojem, suknja pru\u017ea elegantan zavr\u0161ni dodir, dok asimetri\u010dni elementi donose moderni akcenat.<br \/>\nOva ven\u010danica iz tri dela je idealan izbor za mladu koja \u017eeli da se istakne svojom sofisticirano\u0161\u0107u i modernim stilom. Kombinacija visokog sjaja i prijatnog svilenog materijala pru\u017ea savr\u0161en balans izme\u0111u elegancije i udobnost<\/p>","protected":false},"excerpt":{"rendered":"<p>LOVELY Simple and Unique Part 1<\/p>","protected":false},"featured_media":10265,"template":"","meta":{"_acf_changed":false},"product_brand":[],"product_cat":[52],"product_tag":[],"class_list":{"0":"post-6639","1":"product","2":"type-product","3":"status-publish","4":"has-post-thumbnail","6":"product_cat-ravni-kroj","8":"first","9":"instock","10":"shipping-taxable","11":"product-type-simple"},"acf":[],"_links":{"self":[{"href":"https:\/\/lovelybridebeograd.com\/en\/wp-json\/wp\/v2\/product\/6639","targetHints":{"allow":["GET"]}}],"collection":[{"href":"https:\/\/lovelybridebeograd.com\/en\/wp-json\/wp\/v2\/product"}],"about":[{"href":"https:\/\/lovelybridebeograd.com\/en\/wp-json\/wp\/v2\/types\/product"}],"wp:featuredmedia":[{"embeddable":true,"href":"https:\/\/lovelybridebeograd.com\/en\/wp-json\/wp\/v2\/media\/10265"}],"wp:attachment":[{"href":"https:\/\/lovelybridebeograd.com\/en\/wp-json\/wp\/v2\/media?parent=6639"}],"wp:term":[{"taxonomy":"product_brand","embeddable":true,"href":"https:\/\/lovelybridebeograd.com\/en\/wp-json\/wp\/v2\/product_brand?post=6639"},{"taxonomy":"product_cat","embeddable":true,"href":"https:\/\/lovelybridebeograd.com\/en\/wp-json\/wp\/v2\/product_cat?post=6639"},{"taxonomy":"product_tag","embeddable":true,"href":"https:\/\/lovelybridebeograd.com\/en\/wp-json\/wp\/v2\/product_tag?post=6639"}],"curies":[{"name":"wp","href":"https:\/\/api.w.org\/{rel}","templated":true}]}}