{"id":6638,"date":"2024-08-27T18:32:34","date_gmt":"2024-08-27T18:32:34","guid":{"rendered":"https:\/\/lovelybride.nikolavuckovic.rs\/?post_type=product&#038;p=6638"},"modified":"2026-04-05T01:13:36","modified_gmt":"2026-04-04T23:13:36","slug":"rene","status":"publish","type":"product","link":"https:\/\/lovelybridebeograd.com\/en\/product\/rene\/","title":{"rendered":"Rene"},"content":{"rendered":"<p>Rene ven\u010danica nudi savr\u0161en spoj udobnosti i elegancije, zahvaljuju\u0107i svojoj mekoj i penastoj strukturi materijala. Izuzetno prijatna za no\u0161enje, ven\u010danica je dizajnirana tako da se ne ose\u0107a na ko\u017ei, pru\u017eaju\u0107i maksimalnu udobnost tokom celog dana.<br \/>\nGornji deo ven\u010danice isti\u010de se otvorenim le\u0111ima, koja doprinose senzualnom i sofisticiranom izgledu. Na donjem delu le\u0111a nalazi se ogromna \u010dvrsta ma\u0161na, koja se postavlja u donjem delu otvorenih le\u0111a. Ova velika ma\u0161na dodaje dramati\u010dan i glamurozan zavr\u0161ni dodir, \u010dine\u0107i ven\u010danicu savr\u0161enim izborom za mladu koja \u017eeli da se istakne na poseban na\u010din.<br \/>\nVen\u010danica je savr\u0161eno dizajnirana da kombinuje udobnost sa bezvremenom lepotom, pru\u017eaju\u0107i prefinjen izgled i ose\u0107aj lako\u0107e. Idealna je za mladu koja tra\u017ei elegantan i sofisticiran dizajn uz maksimalnu udobnost.<\/p>","protected":false},"excerpt":{"rendered":"<p>LOVELY Simple and Unique Part 1<\/p>","protected":false},"featured_media":6770,"template":"","meta":{"_acf_changed":false},"product_brand":[],"product_cat":[52],"product_tag":[],"class_list":{"0":"post-6638","1":"product","2":"type-product","3":"status-publish","4":"has-post-thumbnail","6":"product_cat-ravni-kroj","8":"first","9":"instock","10":"shipping-taxable","11":"product-type-simple"},"acf":[],"_links":{"self":[{"href":"https:\/\/lovelybridebeograd.com\/en\/wp-json\/wp\/v2\/product\/6638","targetHints":{"allow":["GET"]}}],"collection":[{"href":"https:\/\/lovelybridebeograd.com\/en\/wp-json\/wp\/v2\/product"}],"about":[{"href":"https:\/\/lovelybridebeograd.com\/en\/wp-json\/wp\/v2\/types\/product"}],"wp:featuredmedia":[{"embeddable":true,"href":"https:\/\/lovelybridebeograd.com\/en\/wp-json\/wp\/v2\/media\/6770"}],"wp:attachment":[{"href":"https:\/\/lovelybridebeograd.com\/en\/wp-json\/wp\/v2\/media?parent=6638"}],"wp:term":[{"taxonomy":"product_brand","embeddable":true,"href":"https:\/\/lovelybridebeograd.com\/en\/wp-json\/wp\/v2\/product_brand?post=6638"},{"taxonomy":"product_cat","embeddable":true,"href":"https:\/\/lovelybridebeograd.com\/en\/wp-json\/wp\/v2\/product_cat?post=6638"},{"taxonomy":"product_tag","embeddable":true,"href":"https:\/\/lovelybridebeograd.com\/en\/wp-json\/wp\/v2\/product_tag?post=6638"}],"curies":[{"name":"wp","href":"https:\/\/api.w.org\/{rel}","templated":true}]}}