{"id":6637,"date":"2024-08-27T18:31:52","date_gmt":"2024-08-27T18:31:52","guid":{"rendered":"https:\/\/lovelybride.nikolavuckovic.rs\/?post_type=product&#038;p=6637"},"modified":"2026-04-05T01:14:30","modified_gmt":"2026-04-04T23:14:30","slug":"sarai","status":"publish","type":"product","link":"https:\/\/lovelybridebeograd.com\/en\/product\/sarai\/","title":{"rendered":"Sarai"},"content":{"rendered":"<p>Sarai, ven\u010danica sirena kroja savr\u0161eno kombinuje francuski krep i francusku \u010dipku, stvaraju\u0107i prefinjen i sofisticiran izgled. Idealna za mladu koja te\u017ei klasi\u010dnom i romanti\u010dnom stilu, ven\u010danica nudi luksuzan ose\u0107aj i izuzetnu udobnost.Izra\u0111ena od visokokvalitetnog francuskog krepa, ven\u010danica se odlikuje glatkom drapirano\u0161\u0107u i luksuznim sjajem. Krep je poznat po svojoj izuzetnoj udobnosti i elegantnom izgledu, pru\u017eaju\u0107i savr\u0161eno prianjanje i udobnost. Dekolte ven\u010danice ukra\u0161en je finom francuskom \u010dipkom, koja dodaje sofisticiran i romanti\u010dan detalj. \u010cipka je pa\u017eljivo postavljena da obuhvati dekolte, pru\u017eaju\u0107i predivan kontrast sa glatkim krepom i dodaju\u0107i elegantan \u0161arm.<br \/>\nVen\u010danica ima duge rukave, koji dodatno nagla\u0161avaju klasi\u010dnu eleganciju i sofisticiranost. Rukavi su izra\u0111eni od istog kvalitetnog materijala kao i ostatak ven\u010danice, pru\u017eaju\u0107i skladan i ujedna\u010den izgled.<br \/>\nSuknja ven\u010danice prati sirena kroj, koji se \u0161iri od kolena nadole, stvaraju\u0107i elegantnu siluetu i pru\u017eaju\u0107i savr\u0161enu ravnote\u017eu izme\u0111u sofisticiranosti i modernog stila.Ova ven\u010danica je idealan izbor za mladu koja \u017eeli da kombinuje klasi\u010dnu eleganciju sa modernim detaljima, pru\u017eaju\u0107i prelep i luksuzan izgled za njen poseban dan.<\/p>","protected":false},"excerpt":{"rendered":"<p>LOVELY Simple and Unique Part 1<\/p>","protected":false},"featured_media":6951,"template":"","meta":{"_acf_changed":false},"product_brand":[],"product_cat":[45],"product_tag":[],"class_list":{"0":"post-6637","1":"product","2":"type-product","3":"status-publish","4":"has-post-thumbnail","6":"product_cat-sirena-kroj","8":"first","9":"instock","10":"shipping-taxable","11":"product-type-simple"},"acf":[],"_links":{"self":[{"href":"https:\/\/lovelybridebeograd.com\/en\/wp-json\/wp\/v2\/product\/6637","targetHints":{"allow":["GET"]}}],"collection":[{"href":"https:\/\/lovelybridebeograd.com\/en\/wp-json\/wp\/v2\/product"}],"about":[{"href":"https:\/\/lovelybridebeograd.com\/en\/wp-json\/wp\/v2\/types\/product"}],"wp:featuredmedia":[{"embeddable":true,"href":"https:\/\/lovelybridebeograd.com\/en\/wp-json\/wp\/v2\/media\/6951"}],"wp:attachment":[{"href":"https:\/\/lovelybridebeograd.com\/en\/wp-json\/wp\/v2\/media?parent=6637"}],"wp:term":[{"taxonomy":"product_brand","embeddable":true,"href":"https:\/\/lovelybridebeograd.com\/en\/wp-json\/wp\/v2\/product_brand?post=6637"},{"taxonomy":"product_cat","embeddable":true,"href":"https:\/\/lovelybridebeograd.com\/en\/wp-json\/wp\/v2\/product_cat?post=6637"},{"taxonomy":"product_tag","embeddable":true,"href":"https:\/\/lovelybridebeograd.com\/en\/wp-json\/wp\/v2\/product_tag?post=6637"}],"curies":[{"name":"wp","href":"https:\/\/api.w.org\/{rel}","templated":true}]}}