{"id":6636,"date":"2024-08-27T18:31:00","date_gmt":"2024-08-27T18:31:00","guid":{"rendered":"https:\/\/lovelybride.nikolavuckovic.rs\/?post_type=product&#038;p=6636"},"modified":"2026-04-05T01:15:06","modified_gmt":"2026-04-04T23:15:06","slug":"grace","status":"publish","type":"product","link":"https:\/\/lovelybridebeograd.com\/en\/product\/grace\/","title":{"rendered":"Grace"},"content":{"rendered":"<p>Grace ven\u010danica izra\u0111ena je od sofisticiranog francuskog krepa, materijala poznatog po svojoj udobnosti i luksuznom ose\u0107aju. Dizajnirana da osvoji svojim prefinjenim detaljima, ven\u010danica pru\u017ea savr\u0161enu kombinaciju klasi\u010dne elegancije i modernog \u0161arma.<br \/>\nVen\u010danica ima duga\u010dke rukave, koji dodaju sofisticiran i otmen izgled, dok su golih le\u0111a oblikovana u otvoru u obliku suze. Ovaj jedinstven detalj stvara senzualan i dramati\u010dan akcenat, nagla\u0161avaju\u0107i lepotu le\u0111a na suptilan na\u010din.<br \/>\nU \u0161licu ven\u010danice, umesto klasi\u010dnog \u0161lepa, nalaze se zlatni dugmi\u0107i, koji pru\u017eaju luksuzan i elegantan zavr\u0161ni dodir. Zlatni dugmi\u0107i dodaju sofisticiranost i bogatstvo celokupnom izgledu, stvaraju\u0107i harmoni\u010dan kontrast sa jednostavnim i \u010distim dizajnom ven\u010danice.<br \/>\nSavr\u0161ena za mladu koja te\u017ei elegantnom i bezvremenskom izgledu sa modernim detaljima, ova ven\u010danica kombinuje klasi\u010dnu lepota sa sofisticiranim akcentima.<\/p>","protected":false},"excerpt":{"rendered":"<p>LOVELY Simple and Unique Part 1<\/p>","protected":false},"featured_media":6933,"template":"","meta":{"_acf_changed":false},"product_brand":[],"product_cat":[52],"product_tag":[],"class_list":{"0":"post-6636","1":"product","2":"type-product","3":"status-publish","4":"has-post-thumbnail","6":"product_cat-ravni-kroj","8":"first","9":"instock","10":"shipping-taxable","11":"product-type-simple"},"acf":[],"_links":{"self":[{"href":"https:\/\/lovelybridebeograd.com\/en\/wp-json\/wp\/v2\/product\/6636","targetHints":{"allow":["GET"]}}],"collection":[{"href":"https:\/\/lovelybridebeograd.com\/en\/wp-json\/wp\/v2\/product"}],"about":[{"href":"https:\/\/lovelybridebeograd.com\/en\/wp-json\/wp\/v2\/types\/product"}],"wp:featuredmedia":[{"embeddable":true,"href":"https:\/\/lovelybridebeograd.com\/en\/wp-json\/wp\/v2\/media\/6933"}],"wp:attachment":[{"href":"https:\/\/lovelybridebeograd.com\/en\/wp-json\/wp\/v2\/media?parent=6636"}],"wp:term":[{"taxonomy":"product_brand","embeddable":true,"href":"https:\/\/lovelybridebeograd.com\/en\/wp-json\/wp\/v2\/product_brand?post=6636"},{"taxonomy":"product_cat","embeddable":true,"href":"https:\/\/lovelybridebeograd.com\/en\/wp-json\/wp\/v2\/product_cat?post=6636"},{"taxonomy":"product_tag","embeddable":true,"href":"https:\/\/lovelybridebeograd.com\/en\/wp-json\/wp\/v2\/product_tag?post=6636"}],"curies":[{"name":"wp","href":"https:\/\/api.w.org\/{rel}","templated":true}]}}