{"id":6632,"date":"2024-08-27T18:28:10","date_gmt":"2024-08-27T18:28:10","guid":{"rendered":"https:\/\/lovelybride.nikolavuckovic.rs\/?post_type=product&#038;p=6632"},"modified":"2026-04-05T01:19:41","modified_gmt":"2026-04-04T23:19:41","slug":"moon","status":"publish","type":"product","link":"https:\/\/lovelybridebeograd.com\/en\/product\/moon\/","title":{"rendered":"Moon"},"content":{"rendered":"<p>Moon ven\u010danica u trampet kroju nudi savr\u0161enu kombinaciju sofisticiranosti i luksuza. Izra\u0111ena od finog svilenog materijala visokog sjaja, ven\u010danica pru\u017ea besprekornu eleganciju i savr\u0161en ose\u0107aj udobnosti. Njena glatka svila se prelepo presijava, stvaraju\u0107i o\u010daravaju\u0107i efekat pod svetlom.<br \/>\nPosebnu pa\u017enju privla\u010di duboko otvorena le\u0111a, koja dodaju senzualan i sofisticiran izgled. Ovaj detalj stvara dramati\u010dan kontrast i nagla\u0161ava lepotu i eleganciju ven\u010danice. Lagani dekolte na prednjem delu dodatno doprinosi romanti\u010dnom i prefinjenom izgledu.<br \/>\nVen\u010danica se savr\u0161eno kombinuje sa biserima zbog svog sjaja, \u010dime se stvara harmonija izme\u0111u materijala i ukrasa. Ovaj spoj stvara vizualni efekat luksuza i glamura, \u010dine\u0107i je idealnim izborom za mladu koja \u017eeli da zasija na svoj poseban dan.<\/p>","protected":false},"excerpt":{"rendered":"<p>LOVELY Simple and Unique Part 1<\/p>","protected":false},"featured_media":10271,"template":"","meta":{"_acf_changed":false},"product_brand":[],"product_cat":[52],"product_tag":[],"class_list":{"0":"post-6632","1":"product","2":"type-product","3":"status-publish","4":"has-post-thumbnail","6":"product_cat-ravni-kroj","8":"first","9":"instock","10":"shipping-taxable","11":"product-type-simple"},"acf":[],"_links":{"self":[{"href":"https:\/\/lovelybridebeograd.com\/en\/wp-json\/wp\/v2\/product\/6632","targetHints":{"allow":["GET"]}}],"collection":[{"href":"https:\/\/lovelybridebeograd.com\/en\/wp-json\/wp\/v2\/product"}],"about":[{"href":"https:\/\/lovelybridebeograd.com\/en\/wp-json\/wp\/v2\/types\/product"}],"wp:featuredmedia":[{"embeddable":true,"href":"https:\/\/lovelybridebeograd.com\/en\/wp-json\/wp\/v2\/media\/10271"}],"wp:attachment":[{"href":"https:\/\/lovelybridebeograd.com\/en\/wp-json\/wp\/v2\/media?parent=6632"}],"wp:term":[{"taxonomy":"product_brand","embeddable":true,"href":"https:\/\/lovelybridebeograd.com\/en\/wp-json\/wp\/v2\/product_brand?post=6632"},{"taxonomy":"product_cat","embeddable":true,"href":"https:\/\/lovelybridebeograd.com\/en\/wp-json\/wp\/v2\/product_cat?post=6632"},{"taxonomy":"product_tag","embeddable":true,"href":"https:\/\/lovelybridebeograd.com\/en\/wp-json\/wp\/v2\/product_tag?post=6632"}],"curies":[{"name":"wp","href":"https:\/\/api.w.org\/{rel}","templated":true}]}}