{"id":13327,"date":"2026-04-04T08:51:51","date_gmt":"2026-04-04T06:51:51","guid":{"rendered":"https:\/\/lovelybridebeograd.com\/?post_type=product&#038;p=13327"},"modified":"2026-04-05T00:09:51","modified_gmt":"2026-04-04T22:09:51","slug":"germain","status":"publish","type":"product","link":"https:\/\/lovelybridebeograd.com\/en\/product\/germain\/","title":{"rendered":"Germain"},"content":{"rendered":"<p>Germain je elegantna ven\u010danica koja prati liniju tela i nagla\u0161ava \u017eenstvenost kroz minimalisti\u010dki kroj i sofisticiran visoki halter izrez. Izra\u0111ena od ne\u017ene francuske \u010dipke, sa otvorenim le\u0111ima koja daju dozu senzualnosti i profinjenosti. Model dolazi i sa rasko\u0161nim \u0161lepom koji dodatno isti\u010de dramati\u010dan i glamurozan efekat.<\/p>","protected":false},"excerpt":{"rendered":"<p>Lovely bride Simple and unique<\/p>","protected":false},"featured_media":13328,"template":"","meta":{"_acf_changed":false},"product_brand":[],"product_cat":[52],"product_tag":[],"class_list":{"0":"post-13327","1":"product","2":"type-product","3":"status-publish","4":"has-post-thumbnail","6":"product_cat-ravni-kroj","8":"first","9":"instock","10":"shipping-taxable","11":"product-type-simple"},"acf":[],"_links":{"self":[{"href":"https:\/\/lovelybridebeograd.com\/en\/wp-json\/wp\/v2\/product\/13327","targetHints":{"allow":["GET"]}}],"collection":[{"href":"https:\/\/lovelybridebeograd.com\/en\/wp-json\/wp\/v2\/product"}],"about":[{"href":"https:\/\/lovelybridebeograd.com\/en\/wp-json\/wp\/v2\/types\/product"}],"wp:featuredmedia":[{"embeddable":true,"href":"https:\/\/lovelybridebeograd.com\/en\/wp-json\/wp\/v2\/media\/13328"}],"wp:attachment":[{"href":"https:\/\/lovelybridebeograd.com\/en\/wp-json\/wp\/v2\/media?parent=13327"}],"wp:term":[{"taxonomy":"product_brand","embeddable":true,"href":"https:\/\/lovelybridebeograd.com\/en\/wp-json\/wp\/v2\/product_brand?post=13327"},{"taxonomy":"product_cat","embeddable":true,"href":"https:\/\/lovelybridebeograd.com\/en\/wp-json\/wp\/v2\/product_cat?post=13327"},{"taxonomy":"product_tag","embeddable":true,"href":"https:\/\/lovelybridebeograd.com\/en\/wp-json\/wp\/v2\/product_tag?post=13327"}],"curies":[{"name":"wp","href":"https:\/\/api.w.org\/{rel}","templated":true}]}}