{"id":12209,"date":"2025-07-17T22:06:53","date_gmt":"2025-07-17T20:06:53","guid":{"rendered":"https:\/\/lovelybridebeograd.com\/?post_type=product&#038;p=12209"},"modified":"2026-04-05T00:14:47","modified_gmt":"2026-04-04T22:14:47","slug":"ravena","status":"publish","type":"product","link":"https:\/\/lovelybridebeograd.com\/en\/product\/ravena\/","title":{"rendered":"Ravena"},"content":{"rendered":"<p>Ravena je rasko\u0161na u svojoj jednostavnosti \u2014 izra\u0111ena od luksuznog mikado svile, ova haljina odi\u0161e sofisticirano\u0161\u0107u. Strukirani korset ne\u017eno oblikuje siluetu, dok voluminozni donji deo kreira dramati\u010dan, ali klasi\u010dan izgled. Ravena dolazi sa dve varijante bretela: delikatne trake koje se vezuju u romanti\u010dne ma\u0161ne ili \u010dist, bez naramenica kroj za moderne neveste.<\/p>\n<p>Bezvremena, ali moderna \u2013 Ravena je savr\u0161en izbor za ven\u010danja u elegantnim prostorima, dvorcima i istorijskim ambijentima.<\/p>","protected":false},"excerpt":{"rendered":"<p>Her Majesty<\/p>","protected":false},"featured_media":12213,"template":"","meta":{"_acf_changed":false},"product_brand":[],"product_cat":[44],"product_tag":[],"class_list":{"0":"post-12209","1":"product","2":"type-product","3":"status-publish","4":"has-post-thumbnail","6":"product_cat-a-kroj","8":"first","9":"instock","10":"shipping-taxable","11":"product-type-simple"},"acf":[],"_links":{"self":[{"href":"https:\/\/lovelybridebeograd.com\/en\/wp-json\/wp\/v2\/product\/12209","targetHints":{"allow":["GET"]}}],"collection":[{"href":"https:\/\/lovelybridebeograd.com\/en\/wp-json\/wp\/v2\/product"}],"about":[{"href":"https:\/\/lovelybridebeograd.com\/en\/wp-json\/wp\/v2\/types\/product"}],"wp:featuredmedia":[{"embeddable":true,"href":"https:\/\/lovelybridebeograd.com\/en\/wp-json\/wp\/v2\/media\/12213"}],"wp:attachment":[{"href":"https:\/\/lovelybridebeograd.com\/en\/wp-json\/wp\/v2\/media?parent=12209"}],"wp:term":[{"taxonomy":"product_brand","embeddable":true,"href":"https:\/\/lovelybridebeograd.com\/en\/wp-json\/wp\/v2\/product_brand?post=12209"},{"taxonomy":"product_cat","embeddable":true,"href":"https:\/\/lovelybridebeograd.com\/en\/wp-json\/wp\/v2\/product_cat?post=12209"},{"taxonomy":"product_tag","embeddable":true,"href":"https:\/\/lovelybridebeograd.com\/en\/wp-json\/wp\/v2\/product_tag?post=12209"}],"curies":[{"name":"wp","href":"https:\/\/api.w.org\/{rel}","templated":true}]}}