{"id":12205,"date":"2025-07-17T22:03:54","date_gmt":"2025-07-17T20:03:54","guid":{"rendered":"https:\/\/lovelybridebeograd.com\/?post_type=product&#038;p=12205"},"modified":"2026-04-05T00:15:32","modified_gmt":"2026-04-04T22:15:32","slug":"essena","status":"publish","type":"product","link":"https:\/\/lovelybridebeograd.com\/en\/product\/essena\/","title":{"rendered":"Essena"},"content":{"rendered":"<p>Essena je oli\u010denje savremene elegancije, stvoren za mladu koja \u017eeli da ostavi bez daha \u2013 ne\u017eno, ali samouvereno. Klasi\u010dan kroj A linije dobija savremen preokret kroz \u010dipkani korset sa vidljivim strukturama, dok bogata \u010dipka prekriva svaki detalj haljine \u2013 od gracioznog dekoltea do rasko\u0161ne suknje sa \u0161lepom.<\/p>\n<p>Rukavi koji se nose na spu\u0161tenim ramenima daju dozu romanti\u010dne drame i sofisticiranosti, idealni za nevestu koja \u017eeli da naglasi svoju \u017eenstvenost, ali ostane verna bezvremenskoj eleganciji. Lagani materijali i precizno krojenje \u010dine ovu haljinu ne samo prelepom na oko, ve\u0107 i prijatnom za no\u0161enje tokom celog dana.<\/p>\n<p>Essena je vi\u0161e od ven\u010danice \u2013 to je modna izjava i trenutak za pam\u0107enje.<\/p>","protected":false},"excerpt":{"rendered":"<p>Diamond of the season<\/p>","protected":false},"featured_media":12208,"template":"","meta":{"_acf_changed":false},"product_brand":[],"product_cat":[44],"product_tag":[],"class_list":{"0":"post-12205","1":"product","2":"type-product","3":"status-publish","4":"has-post-thumbnail","6":"product_cat-a-kroj","8":"first","9":"instock","10":"shipping-taxable","11":"product-type-simple"},"acf":[],"_links":{"self":[{"href":"https:\/\/lovelybridebeograd.com\/en\/wp-json\/wp\/v2\/product\/12205","targetHints":{"allow":["GET"]}}],"collection":[{"href":"https:\/\/lovelybridebeograd.com\/en\/wp-json\/wp\/v2\/product"}],"about":[{"href":"https:\/\/lovelybridebeograd.com\/en\/wp-json\/wp\/v2\/types\/product"}],"wp:featuredmedia":[{"embeddable":true,"href":"https:\/\/lovelybridebeograd.com\/en\/wp-json\/wp\/v2\/media\/12208"}],"wp:attachment":[{"href":"https:\/\/lovelybridebeograd.com\/en\/wp-json\/wp\/v2\/media?parent=12205"}],"wp:term":[{"taxonomy":"product_brand","embeddable":true,"href":"https:\/\/lovelybridebeograd.com\/en\/wp-json\/wp\/v2\/product_brand?post=12205"},{"taxonomy":"product_cat","embeddable":true,"href":"https:\/\/lovelybridebeograd.com\/en\/wp-json\/wp\/v2\/product_cat?post=12205"},{"taxonomy":"product_tag","embeddable":true,"href":"https:\/\/lovelybridebeograd.com\/en\/wp-json\/wp\/v2\/product_tag?post=12205"}],"curies":[{"name":"wp","href":"https:\/\/api.w.org\/{rel}","templated":true}]}}