{"id":12198,"date":"2025-07-17T22:01:30","date_gmt":"2025-07-17T20:01:30","guid":{"rendered":"https:\/\/lovelybridebeograd.com\/?post_type=product&#038;p=12198"},"modified":"2026-04-05T00:16:21","modified_gmt":"2026-04-04T22:16:21","slug":"castella","status":"publish","type":"product","link":"https:\/\/lovelybridebeograd.com\/en\/product\/castella\/","title":{"rendered":"Castella"},"content":{"rendered":"<p>Castella vencanica donosi su\u0161tinu jednostavne elegancije \u2013 idealna za mladu koja te\u017ei nenametljivom luksuzu. Haljine su izra\u0111ene od pa\u017eljivo biranih materijala, sa naglaskom na lako\u0107u, pokret i siluetu koja prati liniju tela bez preterivanja.<\/p>\n<p>Bez te\u0161kih detalja i komplikovanih krojeva, ova kolekcija slavi \u010distu formu, savr\u0161enu proporciju i tihu snagu \u017eenstvenosti. Castella je izbor za one koje u jednostavnosti vide najdublju lepotu. Kada jednostavnost postane luksuz.<\/p>\n<p>Zami\u0161ljena za mlade koje znaju da je prava elegancija u lako\u0107i \u2013 Castella nudi haljine koje se ne name\u0107u, ali ostavljaju jak utisak. \u010ciste linije, besprekorni materijali i krojevi koji laskaju figuri \u010dine ovu kolekciju savr\u0161enim izborom za mladu koja tra\u017ei sofisticiranost bez kompromisa.<\/p>\n<p>Bez te\u0161kih detalja i prenagla\u0161enog glamura \u2013 samo ti, tvoja energija i haljina koja govori dovoljno.<\/p>\n<p>Ako tra\u017ei\u0161 haljinu koja prati tvoju pri\u010du \u2013 Castella te \u010deka.<\/p>","protected":false},"excerpt":{"rendered":"<p>Diamond of the season<\/p>","protected":false},"featured_media":12204,"template":"","meta":{"_acf_changed":false},"product_brand":[],"product_cat":[44],"product_tag":[],"class_list":{"0":"post-12198","1":"product","2":"type-product","3":"status-publish","4":"has-post-thumbnail","6":"product_cat-a-kroj","8":"first","9":"instock","10":"shipping-taxable","11":"product-type-simple"},"acf":[],"_links":{"self":[{"href":"https:\/\/lovelybridebeograd.com\/en\/wp-json\/wp\/v2\/product\/12198","targetHints":{"allow":["GET"]}}],"collection":[{"href":"https:\/\/lovelybridebeograd.com\/en\/wp-json\/wp\/v2\/product"}],"about":[{"href":"https:\/\/lovelybridebeograd.com\/en\/wp-json\/wp\/v2\/types\/product"}],"wp:featuredmedia":[{"embeddable":true,"href":"https:\/\/lovelybridebeograd.com\/en\/wp-json\/wp\/v2\/media\/12204"}],"wp:attachment":[{"href":"https:\/\/lovelybridebeograd.com\/en\/wp-json\/wp\/v2\/media?parent=12198"}],"wp:term":[{"taxonomy":"product_brand","embeddable":true,"href":"https:\/\/lovelybridebeograd.com\/en\/wp-json\/wp\/v2\/product_brand?post=12198"},{"taxonomy":"product_cat","embeddable":true,"href":"https:\/\/lovelybridebeograd.com\/en\/wp-json\/wp\/v2\/product_cat?post=12198"},{"taxonomy":"product_tag","embeddable":true,"href":"https:\/\/lovelybridebeograd.com\/en\/wp-json\/wp\/v2\/product_tag?post=12198"}],"curies":[{"name":"wp","href":"https:\/\/api.w.org\/{rel}","templated":true}]}}