{"id":12193,"date":"2025-07-17T21:58:29","date_gmt":"2025-07-17T19:58:29","guid":{"rendered":"https:\/\/lovelybridebeograd.com\/?post_type=product&#038;p=12193"},"modified":"2026-04-05T00:17:43","modified_gmt":"2026-04-04T22:17:43","slug":"cassia","status":"publish","type":"product","link":"https:\/\/lovelybridebeograd.com\/en\/product\/cassia\/","title":{"rendered":"Cassia"},"content":{"rendered":"<p>Cassia je haljina koja spaja vanvremensku eleganciju sa savremenom senzualno\u0161\u0107u. Sa izra\u017eenim ramenima i rasko\u0161nim preklopom koji pada u ne\u017ene drapirane slojeve, ova silueta savr\u0161eno prati liniju tela i otkriva nogu kroz visoki \u0161lic. Bogata tkanina ne\u017eno reflektuje svetlost i dodaje luksuznu notu svakom pokretu, dok duga\u010dka, \u010dista suknja sa \u0161lepom daje dramati\u010dan efekat iz svakog ugla. Idealna je za mladu koja \u017eeli sofisticiran izgled sa dozom smelosti.<\/p>","protected":false},"excerpt":{"rendered":"<p>Diamond of the season<\/p>","protected":false},"featured_media":12197,"template":"","meta":{"_acf_changed":false},"product_brand":[],"product_cat":[44],"product_tag":[],"class_list":{"0":"post-12193","1":"product","2":"type-product","3":"status-publish","4":"has-post-thumbnail","6":"product_cat-a-kroj","8":"first","9":"instock","10":"shipping-taxable","11":"product-type-simple"},"acf":[],"_links":{"self":[{"href":"https:\/\/lovelybridebeograd.com\/en\/wp-json\/wp\/v2\/product\/12193","targetHints":{"allow":["GET"]}}],"collection":[{"href":"https:\/\/lovelybridebeograd.com\/en\/wp-json\/wp\/v2\/product"}],"about":[{"href":"https:\/\/lovelybridebeograd.com\/en\/wp-json\/wp\/v2\/types\/product"}],"wp:featuredmedia":[{"embeddable":true,"href":"https:\/\/lovelybridebeograd.com\/en\/wp-json\/wp\/v2\/media\/12197"}],"wp:attachment":[{"href":"https:\/\/lovelybridebeograd.com\/en\/wp-json\/wp\/v2\/media?parent=12193"}],"wp:term":[{"taxonomy":"product_brand","embeddable":true,"href":"https:\/\/lovelybridebeograd.com\/en\/wp-json\/wp\/v2\/product_brand?post=12193"},{"taxonomy":"product_cat","embeddable":true,"href":"https:\/\/lovelybridebeograd.com\/en\/wp-json\/wp\/v2\/product_cat?post=12193"},{"taxonomy":"product_tag","embeddable":true,"href":"https:\/\/lovelybridebeograd.com\/en\/wp-json\/wp\/v2\/product_tag?post=12193"}],"curies":[{"name":"wp","href":"https:\/\/api.w.org\/{rel}","templated":true}]}}