{"id":12189,"date":"2025-07-17T21:56:06","date_gmt":"2025-07-17T19:56:06","guid":{"rendered":"https:\/\/lovelybridebeograd.com\/?post_type=product&#038;p=12189"},"modified":"2026-04-05T00:27:11","modified_gmt":"2026-04-04T22:27:11","slug":"barkley","status":"publish","type":"product","link":"https:\/\/lovelybridebeograd.com\/en\/product\/barkley\/","title":{"rendered":"Barkley"},"content":{"rendered":"<p>Model Barkley je suptilan spoj gracioznosti i savremenog luksuza. Haljina odi\u0161e lako\u0107om i romanti\u010dnim \u0161armom, savr\u0161ena za mladu koja \u017eeli da zablista sa stilom, ali bez preterivanja. \u010cipkani gornji deo sa dugim rukavima i spu\u0161tenim ramenima ne\u017eno prati liniju tela, dok \u010dvrsta satenska suknja sa visokim prorezom donosi balans izme\u0111u \u017eenstvene elegancije i zavodljive slobode.<\/p>\n<p>Barkley haljina u isto vreme otkriva i skriva, dopu\u0161taju\u0107i da prirodna lepota mlade bude u prvom planu. Idealna za sofisticirane ceremonije u elegantnim prostorima, ali i dovoljno lagana za intimna ven\u010danja na otvorenom. Zahvaljuju\u0107i savr\u0161enom kroju i luksuznim materijalima, ova ven\u010danica pru\u017ea ose\u0107aj samopouzdanja i potpune udobnosti tokom celog dana. Barkley je kreirana za mladu koja voli klasiku, ali bira sa stavom \u2013 tiho luksuzna, neoptere\u0107eno mo\u0107na. Model Barkley je oli\u010denje bezvremenske elegancije u modernoj interpretaciji. Sa \u010dipkanim korzetom koji otkriva ramena i isti\u010de ne\u017ean dekolte, ova haljina zra\u010di diskretnom senzualno\u0161\u0107u i sofisticiranim stilom.<\/p>\n<p>Rukavi od fine \u010dipke daju notu romantike, dok mekana A-linijska suknja od luksuznog mikada svile savr\u0161eno pada i stvara efekat gracioznog pokreta pri svakom koraku. Prorez na suknji je suptilan, ali dovoljan da se oseti doza samopouzdanja i mladala\u010dke energije. Barkley je dizajnirana za mladu koja ne pristaje na kompromise \u2013 voli klasiku, ali \u017eeli da zablista na svoj, savremeni na\u010din. Ovo je haljina koja ostavlja utisak bez truda, a ostaje upam\u0107ena zauvek. Savr\u0161ena za dvorce, vile i urbane ven\u010dane prostore, ona nosi duh \u017eenstvenosti, elegancije i tihe mo\u0107i.<\/p>","protected":false},"excerpt":{"rendered":"<p>Diamond of the season<\/p>","protected":false},"featured_media":12192,"template":"","meta":{"_acf_changed":false},"product_brand":[],"product_cat":[44],"product_tag":[],"class_list":{"0":"post-12189","1":"product","2":"type-product","3":"status-publish","4":"has-post-thumbnail","6":"product_cat-a-kroj","8":"first","9":"instock","10":"shipping-taxable","11":"product-type-simple"},"acf":[],"_links":{"self":[{"href":"https:\/\/lovelybridebeograd.com\/en\/wp-json\/wp\/v2\/product\/12189","targetHints":{"allow":["GET"]}}],"collection":[{"href":"https:\/\/lovelybridebeograd.com\/en\/wp-json\/wp\/v2\/product"}],"about":[{"href":"https:\/\/lovelybridebeograd.com\/en\/wp-json\/wp\/v2\/types\/product"}],"wp:featuredmedia":[{"embeddable":true,"href":"https:\/\/lovelybridebeograd.com\/en\/wp-json\/wp\/v2\/media\/12192"}],"wp:attachment":[{"href":"https:\/\/lovelybridebeograd.com\/en\/wp-json\/wp\/v2\/media?parent=12189"}],"wp:term":[{"taxonomy":"product_brand","embeddable":true,"href":"https:\/\/lovelybridebeograd.com\/en\/wp-json\/wp\/v2\/product_brand?post=12189"},{"taxonomy":"product_cat","embeddable":true,"href":"https:\/\/lovelybridebeograd.com\/en\/wp-json\/wp\/v2\/product_cat?post=12189"},{"taxonomy":"product_tag","embeddable":true,"href":"https:\/\/lovelybridebeograd.com\/en\/wp-json\/wp\/v2\/product_tag?post=12189"}],"curies":[{"name":"wp","href":"https:\/\/api.w.org\/{rel}","templated":true}]}}